{"id":45716,"date":"2021-09-04T12:55:29","date_gmt":"2021-09-04T10:55:29","guid":{"rendered":"https:\/\/www.simoneguidarellihome.com\/termini-e-condizioni\/"},"modified":"2021-10-15T11:44:25","modified_gmt":"2021-10-15T09:44:25","slug":"termini-e-condizioni","status":"publish","type":"page","link":"https:\/\/www.simoneguidarellihome.com\/en\/termini-e-condizioni\/","title":{"rendered":"Terms &#038; Conditions"},"content":{"rendered":"<p><strong>Art. 1 &#8211; Disposizioni generali<\/strong><\/p>\r\n<p><!-- \/wp:paragraph -->\r\n\r\n<!-- wp:paragraph --><\/p>\r\n<p>1. L&#8217;utente navigando in quest&#8217;area accede a Simone Guidarelli Home,<br \/>accessibile mediante l&#8217;url: www.simoneguidarellihome.com. La navigazione e la trasmissione di un ordine di acquisto sul sito comportano l&#8217;accettazione delle Condizioni e delle Politiche di Protezione dei Dati adottate dal sito stesso ivi indicate.<\/p>\r\n<p><!-- \/wp:paragraph -->\r\n\r\n<!-- wp:paragraph --><\/p>\r\n<p>2. Le presenti Condizioni Generali di Vendita si applicano alla vendita di<br \/>prodotti con esclusivo riferimento agli acquisti effettuati sul sito<br \/>conformemente alle disposizioni della Parte III, Titolo III, Capo I, Codice del<br \/>Consumo (D.lgs. n. 206\/05 modificato dal D.lgs. n. 21\/14 e D.lgs. 70\/03) da<br \/>parte di<\/p>\r\n<p><!-- \/wp:paragraph -->\r\n\r\n<!-- wp:paragraph --><\/p>\r\n<p>Societ\u00e0 Rocky Rose srl<br \/>Sede: Via Pola Esterna, 4\/28, 41012 Carpi MO<br \/>Partita IVA: 02914400367<\/p>\r\n<p><!-- \/wp:paragraph -->\r\n\r\n<!-- wp:paragraph --><\/p>\r\n<p>3. L&#8217;utente \u00e8 tenuto, prima di accedere ai prodotti forniti dal sito, a<br \/>leggere le presenti Condizioni Generali di Vendita che si intendono<br \/>generalmente ed inequivocabilmente accettate al momento dell&#8217;acquisto.<\/p>\r\n<p><!-- \/wp:paragraph -->\r\n\r\n<!-- wp:paragraph --><\/p>\r\n<p>4. Si invita l&#8217;utente a scaricare e stampare una copia del modulo d&#8217;acquisto<br \/>e delle presenti Condizioni Generali di Vendita i cui termini Rocky Rose srl si riserva di modificare unilateralmente e senza alcun preavviso.<\/p>\r\n<p><!-- \/wp:paragraph -->\r\n\r\n<!-- wp:paragraph --><\/p>\r\n<p><b><strong>Art. 2 &#8211; Oggetto<\/strong><\/b><\/p>\r\n<p><!-- \/wp:paragraph -->\r\n\r\n<!-- wp:paragraph --><\/p>\r\n<p>1. Le presenti Condizioni Generali di Vendita disciplinano l&#8217;offerta, l&#8217;inoltro<br \/>e l&#8217;accettazione di ordini d&#8217;acquisto di prodotti su Simone Guidarelli Home e<br \/>non disciplinano, invece, la fornitura di servizi o la vendita di prodotti da<br \/>parte di soggetti diversi dal venditore che siano presenti sul medesimo sito<br \/>tramite link, banner o altri collegamenti ipertestuali.<\/p>\r\n<p><!-- \/wp:paragraph -->\r\n\r\n<!-- wp:paragraph --><\/p>\r\n<p>2. Prima di inoltrare ordini ed acquistare prodotti e servizi da soggetti<br \/>diversi, suggeriamo di verificare le loro condizioni di vendita.<\/p>\r\n<p><!-- \/wp:paragraph -->\r\n\r\n<!-- wp:paragraph --><\/p>\r\n<p><b><strong>Art. 3 &#8211; Conclusione del contratto<\/strong><\/b><\/p>\r\n<p><!-- \/wp:paragraph -->\r\n\r\n<!-- wp:paragraph --><\/p>\r\n<p>1. Per concludere il contratto di acquisto, sar\u00e0 necessario compilare il<br \/>formulario in formato elettronico e trasmetterlo seguendo le relative<br \/>istruzioni.<\/p>\r\n<p><!-- \/wp:paragraph -->\r\n\r\n<!-- wp:paragraph --><\/p>\r\n<p>2. In esso sono contenuti il rinvio alle Condizioni Generali di Vendita, le<br \/>immagini di ciascun prodotto ed il relativo prezzo, i mezzi di pagamento che \u00e8 possibile utilizzare, le modalit\u00e0 di consegna dei prodotti acquistati e i<br \/>relativi costi di spedizione e consegna, un rimando alle condizioni per<br \/>l&#8217;esercizio del diritto di recesso; modalit\u00e0 e tempi di restituzione dei<br \/>prodotti acquistati.<\/p>\r\n<p><!-- \/wp:paragraph -->\r\n\r\n<!-- wp:paragraph --><\/p>\r\n<p>3. Prima di concludere il contratto, sar\u00e0 chiesto di confermare l&#8217;avvenuta<br \/>lettura delle Condizioni Generali di Vendita comprensive dell&#8217;Informativa sul diritto di recesso e del trattamento dei dati personali.<\/p>\r\n<p><!-- \/wp:paragraph -->\r\n\r\n<!-- wp:paragraph --><\/p>\r\n<p>4. Il contratto \u00e8 concluso quando il venditore riceve il formulario<br \/>compilato dall&#8217;utente, previa verifica della correttezza dei dati ivi<br \/>contenuti.<\/p>\r\n<p><!-- \/wp:paragraph -->\r\n\r\n<!-- wp:paragraph --><\/p>\r\n<p>5. L&#8217;acquirente sar\u00e0 obbligato al pagamento del prezzo dal momento in cui la procedura di inoltro dell&#8217;ordine on line sar\u00e0 conclusa. Ci\u00f2 avverr\u00e0 cliccando<br \/>sul tasto &#8220;EFFETTUA ORDINE&#8221; alla fine della procedura guidata.<\/p>\r\n<p><!-- \/wp:paragraph -->\r\n\r\n<!-- wp:paragraph --><\/p>\r\n<p>6. Concluso il contratto, il venditore prende in carico l&#8217;ordine per la sua<br \/>evasione.<\/p>\r\n<p><!-- \/wp:paragraph -->\r\n\r\n<!-- wp:paragraph --><\/p>\r\n<p><b><strong>Art. 4 &#8211; Utenti registrati<\/strong><\/b><\/p>\r\n<p><!-- \/wp:paragraph -->\r\n\r\n<!-- wp:paragraph --><\/p>\r\n<p>1. Nel completare le procedure di registrazione, l&#8217;utente si obbliga a seguire<br \/>le indicazioni presenti sul sito e a fornire i propri dati personali in maniera<br \/>corretta e veritiera.<\/p>\r\n<p><!-- \/wp:paragraph -->\r\n\r\n<!-- wp:paragraph --><\/p>\r\n<p>2. La conferma esonerer\u00e0 in ogni caso Rocky Rose srl da ogni responsabilit\u00e0<br \/>circa i dati forniti dall&#8217;utente. L&#8217; utente si obbliga a informare<br \/>tempestivamente Rocky Rose srl di qualsiasi variazione dei propri dati in ogni<br \/>tempo comunicati.<\/p>\r\n<p><!-- \/wp:paragraph -->\r\n\r\n<!-- wp:paragraph --><\/p>\r\n<p>3. Qualora poi l&#8217;utente comunichi dati non esatti o incompleti ovvero anche<br \/>nel caso in cui vi sia contestazione da parte dei soggetti interessati circa i<br \/>pagamenti effettuati, Rocky Rose srl avr\u00e0 facolt\u00e0 di non attivare ovvero di<br \/>sospendere il servizio fino a sanatoria delle relative mancanze.<\/p>\r\n<p><!-- \/wp:paragraph -->\r\n\r\n<!-- wp:paragraph --><\/p>\r\n<p>4. In occasione della prima richiesta di attivazione di un profilo da parte<br \/>dell&#8217;utente, Rocky Rose srl attribuir\u00e0 allo stesso nome utente ed una password.<br \/>Quest&#8217;ultimo riconosce che tali identificativi costituiscono il sistema di<br \/>validazione degli accessi dell&#8217;utente ai Servizi ed il solo sistema idoneo ad<br \/>identificare l&#8217;utente che gli atti compiuti mediante tale accesso saranno a lui<br \/>attribuiti e avranno efficacia vincolante nei suoi confronti.<\/p>\r\n<p><!-- \/wp:paragraph -->\r\n\r\n<!-- wp:paragraph --><\/p>\r\n<p>5. L&#8217;utente si obbliga a mantenerne la segretezza dei suoi dati d&#8217;accesso e<br \/>a custodirli con la dovuta cura e diligenza e a non cederli anche<br \/>temporaneamente a terzi.<\/p>\r\n<p><!-- \/wp:paragraph -->\r\n\r\n<!-- wp:paragraph --><\/p>\r\n<p><b><strong>Art. 5 &#8211; Disponibilit\u00e0 dei prodotti<\/strong><\/b><\/p>\r\n<p><!-- \/wp:paragraph -->\r\n\r\n<!-- wp:paragraph --><\/p>\r\n<p>1. La disponibilit\u00e0 dei prodotti si riferisce alla disponibilit\u00e0 effettiva nel<br \/>momento in cui il l&#8217;acquirente effettua l&#8217;ordine. Tale disponibilit\u00e0 deve<br \/>comunque essere considerata puramente indicativa perch\u00e9, per effetto della contemporanea presenza sul sito di pi\u00f9 utenti, i prodotti potrebbero essere venduti ad altri clienti prima della conferma dell&#8217;ordine.<\/p>\r\n<p><!-- \/wp:paragraph -->\r\n\r\n<!-- wp:paragraph --><\/p>\r\n<p>2. Anche in seguito all&#8217;invio dell&#8217;e-mail di conferma dell&#8217;ordine potrebbero<br \/>verificarsi casi di indisponibilit\u00e0 parziale o totale della merce. In questa<br \/>eventualit\u00e0, l&#8217;ordine verr\u00e0 rettificato automaticamente con l&#8217;eliminazione del prodotto non disponibile e il l&#8217;acquirente verr\u00e0 immediatamente informato via e-mail.<\/p>\r\n<p><!-- \/wp:paragraph -->\r\n\r\n<!-- wp:paragraph --><\/p>\r\n<p>3. Se il l&#8217;acquirente richiede l&#8217;annullamento dell&#8217;ordine, risolvendo il<br \/>contratto, Rocky Rose srl rimborser\u00e0 l&#8217;importo pagato entro 30 giorni a partire dal momento in cui Rocky Rose srl ha avuto conoscenza della decisione del l&#8217;acquirente di risolvere il contratto.<\/p>\r\n<p><!-- \/wp:paragraph -->\r\n\r\n<!-- wp:paragraph --><\/p>\r\n<p><b><strong>Art. 6 &#8211; Prodotti offerti<\/strong><\/b><\/p>\r\n<p><!-- \/wp:paragraph -->\r\n\r\n<!-- wp:paragraph --><\/p>\r\n<p>1. Rocky Rose srl commercializza:<\/p>\r\n<p><!-- \/wp:paragraph -->\r\n\r\n<!-- wp:paragraph --><\/p>\r\n<p>abbigliamento e accessori<\/p>\r\n<p><!-- \/wp:paragraph -->\r\n\r\n<!-- wp:paragraph --><\/p>\r\n<p>2. L&#8217;offerta \u00e8 dettagliata nel nostro sito al link: https:\/\/www.simoneguidarellihome.com<b><\/b><\/p>\r\n<p><b><strong>Art. 7 &#8211; Modalit\u00e0 di pagamento e prezzi<\/strong><\/b><\/p>\r\n<p><!-- \/wp:paragraph -->\r\n\r\n<!-- wp:paragraph --><\/p>\r\n<p>1. Il prezzo dei prodotti sar\u00e0 quello indicato di volta in volta sul sito,<br \/>salvo laddove sussista un errore palese.<\/p>\r\n<p><!-- \/wp:paragraph -->\r\n\r\n<!-- wp:paragraph --><\/p>\r\n<p>2. In caso di errore Rocky Rose srl avviser\u00e0 prima possibile l&#8217;acquirente<br \/>consentendo la conferma dell&#8217;ordine al giusto importo ovvero l&#8217;annullamento.<br \/>Non sussister\u00e0 ad ogni modo per Rocky Rose srl l&#8217;obbligo di fornire quanto<br \/>venduto al prezzo inferiore erroneamente indicato.<\/p>\r\n<p><!-- \/wp:paragraph -->\r\n\r\n<!-- wp:paragraph --><\/p>\r\n<p>3. I prezzi del sito sono comprensivi di IVA ed includono le spese di<br \/>spedizione. I prezzi possono subire variazioni in qualsiasi momento. I<br \/>cambiamenti non riguardano gli ordini per i quali sia stata gi\u00e0 inviata<br \/>conferma dell&#8217;ordine.<\/p>\r\n<p><!-- \/wp:paragraph -->\r\n\r\n<!-- wp:paragraph --><\/p>\r\n<p>4. Una volta selezionati i prodotti desiderati, essi saranno aggiunti al<br \/>carrello. Sar\u00e0 sufficiente seguire le istruzioni per l&#8217;acquisto, inserendo o<br \/>verificando le informazioni richieste in ogni passaggio del processo. I<br \/>dettagli dell&#8217;ordine potranno essere modificati prima del pagamento.<\/p>\r\n<p><!-- \/wp:paragraph -->\r\n\r\n<!-- wp:paragraph --><\/p>\r\n<p>5. Il pagamento pu\u00f2 essere effettuato tramite:<\/p>\r\n<p><!-- \/wp:paragraph -->\r\n\r\n<!-- wp:paragraph --><\/p>\r\n<p>Carte di credito<br \/>Bonifico Bancario<br \/>Contrassegno<\/p>\r\n<p><!-- \/wp:paragraph -->\r\n\r\n<!-- wp:paragraph --><\/p>\r\n<p><b><strong>Art. 8 &#8211; Consegna<\/strong><\/b><\/p>\r\n<p><!-- \/wp:paragraph -->\r\n\r\n<!-- wp:paragraph --><\/p>\r\n<p>1. Rocky Rose srl effettua spedizioni in tutto il territorio italiano.<\/p>\r\n<p><!-- \/wp:paragraph -->\r\n\r\n<!-- wp:paragraph --><\/p>\r\n<p>2. Rocky Rose srl effettuer\u00e0 solamente consegne presso il domicilio<br \/>dell&#8217;utente, fornito al momento dell&#8217;acquisto.<\/p>\r\n<p><!-- \/wp:paragraph -->\r\n\r\n<!-- wp:paragraph --><\/p>\r\n<p>3. La consegna viene effettuata generalmente entro 7, o, qualora non fosse<br \/>specificata alcuna data di consegna, entro il termine stimato al momento della<br \/>selezione della modalit\u00e0 di consegna e, in ogni caso, entro il termine massimo<br \/>di trenta giorni dalla data della conferma.<\/p>\r\n<p><!-- \/wp:paragraph -->\r\n\r\n<!-- wp:paragraph --><\/p>\r\n<p>4. Qualora non fosse possibile effettuare la consegna, l&#8217;ordine verr\u00e0<br \/>inviato al deposito. In tale evenienza, un avviso preciser\u00e0 luogo in cui si<br \/>trova l&#8217;ordine e le modalit\u00e0 con cui concordare una nuova consegna.<\/p>\r\n<p><!-- \/wp:paragraph -->\r\n\r\n<!-- wp:paragraph --><\/p>\r\n<p>5. Qualora non fosse in grado di essere presente nel luogo di consegna<br \/>all&#8217;orario concordato, Le chiediamo di contattarci nuovamente per concordare<br \/>una nuova data di consegna.<\/p>\r\n<p><!-- \/wp:paragraph -->\r\n\r\n<!-- wp:paragraph --><\/p>\r\n<p>6. Qualora la consegna non possa avere luogo per cause a noi non imputabili<br \/>dopo trenta giorni dalla data in cui l&#8217;ordine \u00e8 disponibile per la consegna,<br \/>assumeremo che si intenda risolvere il contratto.<\/p>\r\n<p><!-- \/wp:paragraph -->\r\n\r\n<!-- wp:paragraph --><\/p>\r\n<p>7. In conseguenza della risoluzione gli importi saranno restituiti, inclusi<br \/>i costi di consegna con l&#8217;esclusione di eventuali costi addizionali derivanti<br \/>dalla scelta di un metodo di consegna diverso dal metodo ordinario offerto<br \/>senza ingiustificato ritardo e, in ogni caso, entro 30 giorni dalla data di<br \/>risoluzione del contratto. Il trasporto derivante dalla risoluzione del<br \/>contratto potrebbe avere costi addizionali che saranno a carico<br \/>dell&#8217;acquirente.<\/p>\r\n<p><!-- \/wp:paragraph -->\r\n\r\n<!-- wp:paragraph --><\/p>\r\n<p>8. Le spese di spedizione sono a carico dell&#8217;acquirente e sono evidenziate<br \/>esplicitamente al momento dell&#8217;effettuazione dell&#8217;ordine.<\/p>\r\n<p><!-- \/wp:paragraph -->\r\n\r\n<!-- wp:paragraph --><\/p>\r\n<p><b><strong>Art. 9 &#8211; Passaggio del rischio<\/strong><\/b><\/p>\r\n<p><!-- \/wp:paragraph -->\r\n\r\n<!-- wp:paragraph --><\/p>\r\n<p>1. I rischi relativi ai prodotti passeranno a carico dell&#8217;acquirente a partire<br \/>dal momento della consegna. La propriet\u00e0 dei prodotti si considera acquisita<br \/>appena ricevuto il pagamento completo di tutti gli importi dovuti in relazione<br \/>agli stessi, incluse le spese di spedizione, ovvero al momento della consegna,<br \/>se questa avvenisse in un secondo momento.<\/p>\r\n<p><!-- \/wp:paragraph -->\r\n\r\n<!-- wp:paragraph --><\/p>\r\n<p><b><strong>Art. 10 &#8211; Garanzia e conformit\u00e0 commerciale<\/strong><\/b><\/p>\r\n<p><!-- \/wp:paragraph -->\r\n\r\n<!-- wp:paragraph --><\/p>\r\n<p>1. Il venditore \u00e8 responsabile per qualsiasi difetto dei prodotti offerti sul<br \/>sito, ivi inclusa la non conformit\u00e0 degli articoli ai prodotti ordinati, ai<br \/>sensi di quanto disposto dalla normativa italiana.<\/p>\r\n<p><!-- \/wp:paragraph -->\r\n\r\n<!-- wp:paragraph --><\/p>\r\n<p>2. Se l&#8217;acquirente ha stipulato il contratto in qualit\u00e0 di consumatore<br \/>ovverosia qualsiasi persona fisica che agisca sul sito per scopi estranei<br \/>all&#8217;attivit\u00e0 imprenditoriale o professionale eventualmente svolta, la presente garanzia \u00e8 valida a condizione che il difetto si manifesti entro 24 mesi dalla data di consegna dei prodotti; che l&#8217;acquirente presenti reclamo formale relativamente ai difetti entro un massimo di 2 mesi dalla data in cui il difetto \u00e8 stato da quest&#8217;ultimo riconosciuto previa comunicazione via mail..<\/p>\r\n<p><!-- \/wp:paragraph -->\r\n\r\n<!-- wp:paragraph --><\/p>\r\n<p>3. In caso di mancata conformit\u00e0, il l&#8217;acquirente che ha stipulato il<br \/>contratto in qualit\u00e0 di consumatore avr\u00e0 diritto ad ottenere il ripristino<br \/>della conformit\u00e0 dei prodotti senza spese, mediante riparazione o sostituzione, ovvero di ottenere un&#8217;appropriata riduzione di prezzo ovvero la risoluzione del contratto relativamente ai beni contestati e la conseguente restituzione del<br \/>prezzo.<\/p>\r\n<p><!-- \/wp:paragraph -->\r\n\r\n<!-- wp:paragraph --><\/p>\r\n<p>4. Tutti i costi di restituzione per prodotti difettosi saranno sostenuti<br \/>dal venditore.<\/p>\r\n<p><!-- \/wp:paragraph -->\r\n\r\n<!-- wp:paragraph --><\/p>\r\n<p><b><strong>Art. 11 &#8211; Recesso<\/strong><\/b><\/p>\r\n<p><!-- \/wp:paragraph -->\r\n\r\n<!-- wp:paragraph --><\/p>\r\n<p>1. Conformemente alle disposizioni legali in vigore, l&#8217;acquirente ha diritto di<br \/>recedere dall&#8217;acquisto senza alcuna penalit\u00e0 e senza specificarne il motivo,<br \/>entro il termine di 14 giorni ai sensi dell&#8217;art. 57 del D.lgs 206\/2005<br \/>decorrenti dalla data di ricezione dei prodotti.<\/p>\r\n<p><!-- \/wp:paragraph -->\r\n\r\n<!-- wp:paragraph --><\/p>\r\n<p>2. In caso di acquisti multipli effettuati dal l&#8217;acquirente con un solo<br \/>ordine e consegnati separatamente, il termine di 30 giorni decorre dalla data<br \/>di ricezione dell&#8217;ultimo prodotto.<\/p>\r\n<p><!-- \/wp:paragraph -->\r\n\r\n<!-- wp:paragraph --><\/p>\r\n<p>3. L&#8217;utente che intendesse esercitare il diritto di recesso dell&#8217;acquisto<br \/>potr\u00e0 inviare una mail, indicando il numero ordine e nome dell&#8217;utente, a:<\/p>\r\n<p><!-- \/wp:paragraph -->\r\n\r\n<!-- wp:paragraph --><\/p>\r\n<p class=\"MsoNormal\"><span style=\"font-size: 10.0pt; font-family: 'Arial',sans-serif; mso-fareast-font-family: 'Times New Roman'; color: #1f497d;\"><a title=\"blocked::blocked::mailto:info@rockyrose.it\r\nblocked::mailto:info@rockyrose.it\" href=\"blocked::mailto:info@rockyrose.it\"><span style=\"color: blue;\">info@rockyrose.it<\/span><\/a><\/span><\/p>\r\n<p>4. L&#8217;acquirente dovr\u00e0 esercitare il diritto di recesso anche inviando una<br \/>qualsiasi dichiarazione esplicita contenente la decisione di recedere dal<br \/>contratto oppure alternativamente trasmettere il modulo di recesso tipo, di cui<br \/>all&#8217;Allegato I, parte B, D.Lgs 21\/2014 non obbligatorio.<\/p>\r\n<p><!-- \/wp:paragraph -->\r\n\r\n<!-- wp:paragraph --><\/p>\r\n<p>5. La merce dovr\u00e0 essere rispedita a:<\/p>\r\n<p><!-- \/wp:paragraph -->\r\n\r\n<!-- wp:paragraph --><\/p>\r\n<p>Rocky Rose srl<br \/>Via Pola Esterna, 4\/28, 41012 Carpi MO<\/p>\r\n<p><!-- \/wp:paragraph -->\r\n\r\n<!-- wp:paragraph --><\/p>\r\n<p>6. La merce dovr\u00e0 essere restituita integra, nella confezione originale,<br \/>completa in tutte le sue parti e completa della documentazione fiscale annessa.<br \/>Fatta salva la facolt\u00e0 di verificare il rispetto di quanto sopra, il sito<br \/>provveder\u00e0 a rimborsare l&#8217;importo dei prodotti oggetto del recesso entro un<br \/>termine massimo di 20 giorni, comprensivo degli eventuali costi di spedizione.<\/p>\r\n<p><!-- \/wp:paragraph -->\r\n\r\n<!-- wp:paragraph --><\/p>\r\n<p>7. Come previsto dall&#8217;art. 56 comma 3 del D.Lgs 206\/2005, modificato dal<br \/>D.lgs 21\/2014, il sito pu\u00f2 sospendere il rimborso fino al ricevimento dei beni<br \/>oppure fino all&#8217;avvenuta dimostrazione da parte del l&#8217;acquirente di aver<br \/>rispedito i beni.<\/p>\r\n<p><!-- \/wp:paragraph -->\r\n\r\n<!-- wp:paragraph --><\/p>\r\n<p>8. Non si applicher\u00e0 il diritto al recesso nel caso in cui i servizi e<br \/>prodotti di Rocky Rose srl sono inclusi nelle categorie dell&#8217;art. 59 del D.Lgs<br \/>206\/2005 e in generale tutti prodotti delle categorie e sottocategorie Custom.<\/p>\r\n<p><!-- \/wp:paragraph -->\r\n\r\n<!-- wp:paragraph --><\/p>\r\n<p>9. Il sito eseguir\u00e0 il rimborso utilizzando lo stesso mezzo di pagamento<br \/>scelto dal l&#8217;acquirente in fase di acquisto. Nel caso di pagamento effettuato<br \/>con bonifico, e qualora il l&#8217;acquirente intenda esercitare il proprio diritto<br \/>di recesso, dovr\u00e0 fornire le coordinate bancarie: IBAN, SWIFT e BIC necessari<br \/>all&#8217;effettuazione del rimborso.<\/p>\r\n<p>10. In caso invece di cambio per acquisto errato l&#8217;utente potr\u00e0 richiedere un cambio prodotto \/ taglia con il solo contributo di ritiro \/ consegna della merce, pari a <em>\u20ac 8,50 da corrispondere anticipatamente<\/em> attraverso circuiti di pagamento elettronico.<\/p>\r\n<p><!-- \/wp:paragraph -->\r\n\r\n<!-- wp:paragraph --><\/p>\r\n<p><b><strong>Art. 12 &#8211; Trattamento dei dati<\/strong><\/b><\/p>\r\n<p><!-- \/wp:paragraph -->\r\n\r\n<!-- wp:paragraph --><\/p>\r\n<p>1. I dati del l&#8217;acquirente sono trattati conformemente a quanto previsto dalla<br \/>normativa in materia di protezione dei dati personali, come specificato<br \/>nell&#8217;apposita sezione contenente l&#8217;informativa ai sensi dell&#8217;art. 13<br \/>Regolamento UE 2016\/679 (Privacy Policy).<\/p>\r\n<p><!-- \/wp:paragraph -->\r\n\r\n<!-- wp:paragraph --><\/p>\r\n<p><b><strong>Art. 13 &#8211; Clausola di salvaguardia<\/strong><\/b><\/p>\r\n<p><!-- \/wp:paragraph -->\r\n\r\n<!-- wp:paragraph --><\/p>\r\n<p>1. Nell&#8217;ipotesi in cui una delle clausole delle presenti Condizioni Generali di<br \/>Vendita fosse nulla per qualsivoglia motivo ci\u00f2 non comprometter\u00e0 in nessun<br \/>caso la validit\u00e0 e il rispetto delle altre disposizioni figuranti nelle<br \/>presenti Condizioni Generali di Vendita.<\/p>\r\n<p><!-- \/wp:paragraph -->\r\n\r\n<!-- wp:paragraph --><\/p>\r\n<p><b><strong>Art. 14 &#8211; Contatti<\/strong><\/b><\/p>\r\n<p><!-- \/wp:paragraph -->\r\n\r\n<!-- wp:paragraph --><\/p>\r\n<p>1. Ogni richiesta di informazione potr\u00e0 essere inviata via mail al seguente<br \/>indirizzo info@goofy-archimedes.85-234-131-202.plesk.page, via telefono al seguente recapito<br \/>telefonico: 059 645540, e via posta al seguente indirizzo:<\/p>\r\n<p><!-- \/wp:paragraph -->\r\n\r\n<!-- wp:paragraph --><\/p>\r\n<p>Via Pola Esterna, 4\/28, 41012 Carpi MO<\/p>\r\n<p><!-- \/wp:paragraph -->\r\n\r\n<!-- wp:paragraph --><\/p>\r\n<p><b><strong>Art. 15 &#8211; Legge applicabile e foro competente<\/strong><\/b><\/p>\r\n<p><!-- \/wp:paragraph -->\r\n\r\n<!-- wp:paragraph --><\/p>\r\n<p>1. Le presenti Condizioni Generali di Vendita sono disciplinate dal diritto<br \/>italiano ed interpretate in base ad esso, fatta salva qualsiasi diversa norma<br \/>imperativa prevalente del paese di residenza abituale del l&#8217;acquirente. Di<br \/>conseguenza l&#8217;interpretazione, esecuzione e risoluzione delle Condizioni<br \/>Generali di Vendita sono soggette esclusivamente alla legge Italiana.<\/p>\r\n<p><!-- \/wp:paragraph -->\r\n\r\n<!-- wp:paragraph --><\/p>\r\n<p>2. Eventuali controversie inerenti e\/o conseguenti alle stesse dovranno<br \/>essere risolte in via esclusiva dall&#8217;autorit\u00e0 giurisdizionale Italiana. In<br \/>particolare, qualora il l&#8217;acquirente rivesta la qualifica di Consumatore, le<br \/>eventuali controversie dovranno essere risolte dal tribunale del luogo di<br \/>domicilio o residenza dello stesso in base alla legge applicabile.<\/p>\r\n<p><!-- \/wp:paragraph -->\r\n\r\n<!-- wp:paragraph --><\/p>\r\n<p>Le presenti condizioni sono state redatte in data 01\/07\/2020.<\/p>\r\n<p><!-- \/wp:paragraph --><\/p>\r\n<p><!--EndFragment--><\/p>","protected":false},"excerpt":{"rendered":"<p>Art. 1 &#8211; Disposizioni generali 1. L&#8217;utente navigando in quest&#8217;area accede a Simone Guidarelli Home,accessibile mediante l&#8217;url: www.simoneguidarellihome.com. La navigazione e la trasmissione di un ordine di acquisto sul sito comportano l&#8217;accettazione delle Condizioni e delle Politiche di Protezione dei Dati adottate dal sito stesso ivi indicate. 2. Le presenti Condizioni Generali di Vendita si [&hellip;]<\/p>\n","protected":false},"author":1,"featured_media":0,"parent":0,"menu_order":0,"comment_status":"closed","ping_status":"closed","template":"","meta":[],"aioseo_notices":[],"_links":{"self":[{"href":"https:\/\/www.simoneguidarellihome.com\/en\/wp-json\/wp\/v2\/pages\/45716"}],"collection":[{"href":"https:\/\/www.simoneguidarellihome.com\/en\/wp-json\/wp\/v2\/pages"}],"about":[{"href":"https:\/\/www.simoneguidarellihome.com\/en\/wp-json\/wp\/v2\/types\/page"}],"author":[{"embeddable":true,"href":"https:\/\/www.simoneguidarellihome.com\/en\/wp-json\/wp\/v2\/users\/1"}],"replies":[{"embeddable":true,"href":"https:\/\/www.simoneguidarellihome.com\/en\/wp-json\/wp\/v2\/comments?post=45716"}],"version-history":[{"count":4,"href":"https:\/\/www.simoneguidarellihome.com\/en\/wp-json\/wp\/v2\/pages\/45716\/revisions"}],"predecessor-version":[{"id":45863,"href":"https:\/\/www.simoneguidarellihome.com\/en\/wp-json\/wp\/v2\/pages\/45716\/revisions\/45863"}],"wp:attachment":[{"href":"https:\/\/www.simoneguidarellihome.com\/en\/wp-json\/wp\/v2\/media?parent=45716"}],"curies":[{"name":"wp","href":"https:\/\/api.w.org\/{rel}","templated":true}]}}