{"id":47003,"date":"2022-04-07T12:13:36","date_gmt":"2022-04-07T10:13:36","guid":{"rendered":"https:\/\/www.simoneguidarellihome.com\/?page_id=47003"},"modified":"2022-04-07T12:13:37","modified_gmt":"2022-04-07T10:13:37","slug":"privacy-policy-version-1","status":"publish","type":"page","link":"https:\/\/www.simoneguidarellihome.com\/en\/privacy-policy-version-1\/","title":{"rendered":"Privacy Policy &#8211; Version 1"},"content":{"rendered":"<p>[vc_row][vc_column][vc_column_text]<strong>INFORMAZIONI SUL TRATTAMENTO DEI DATI PERSONALI<br \/>\ndegli utenti che consultano i siti web www.simoneguidarellihome.com<\/strong><\/p>\n<p><strong>ai sensi dell&#8217;articolo 13 del Regolamento (UE) 2016\/679<\/strong><\/p>\n<p><strong>PERCH\u00c9 QUESTE INFORMAZIONI<\/strong><\/p>\n<p>Ai sensi\u00a0 del Regolamento (UE) 2016\/679 (di seguito &#8220;Regolamento&#8221;), questa pagina descrive le modalit\u00e0 di trattamento dei dati personali degli utenti che consultano il sito web www.simoneguidarellihome.com accessibili per via telematica ai seguenti indirizzi:<\/p>\n<ul>\n<li>www.simoneguidarellihome.com<\/li>\n<\/ul>\n<p>Le presenti informazioni non riguardano altri siti, pagine o servizi online raggiungibili tramite link ipertestuali eventualmente pubblicati nei siti ma riferiti a risorse esterne al dominio del Garante.<\/p>\n<p><strong>TITOLARE DEL TRATTAMENTO<\/strong><\/p>\n<p>A seguito della consultazione dei siti sopra elencati possono essere trattati dati relativi a persone fisiche identificate o identificabili.<\/p>\n<p>Titolare del trattamento \u00e8 ROCKY ROSE SRL VIA M.BUONARROTI,7 41016 NOVI DI MODENA (MO) Tel +39 059 645540 &#8211; Fax +39 059 6224919 P.Iva 02914400367<\/p>\n<p>&nbsp;<\/p>\n<p><strong>RESPONSABILE DELLA PROTEZIONE DEI DATI<\/strong><\/p>\n<p>Il Responsabile della Protezione dei Dati (RPD) \u00e8 raggiungibile al seguente indirizzo: ROCKY ROSE SRL VIA M.BUONARROTI,7 41016 NOVI DI MODENA (MO) Tel +39 059 645540 &#8211; Fax +39 059 6224919 P.Iva 02914400367 email: info@rockyrose.it.<\/p>\n<p><strong>BASE GIURIDICA DEL TRATTAMENTO<\/strong><\/p>\n<p>I dati personali indicati in questa pagina sono trattati dal Garante nell&#8217;esecuzione dei propri compiti di interesse pubblico o comunque connessi all&#8217;esercizio dei propri pubblici poteri, ivi incluso il compito di promuovere la consapevolezza e favorire la comprensione del pubblico riguardo ai rischi, alle norme, alle garanzie e ai diritti in relazione al trattamento e, altres\u00ec, di promuovere la consapevolezza dei titolari del trattamento e dei responsabili del trattamento riguardo agli obblighi imposti loro dal Regolamento (art. 57, par. 1, lett. b) e d), del Regolamento).<\/p>\n<p><strong>TIPI DI DATI TRATTATI E FINALIT\u00c0 DEL TRATTAMENTO<\/strong><\/p>\n<p><em>Dati di navigazione\u00a0\u00a0\u00a0<\/em><\/p>\n<p>I sistemi informatici e le procedure software preposte al funzionamento di questo sito acquisiscono, nel corso del loro normale esercizio, alcuni dati personali la cui trasmissione \u00e8 implicita nell&#8217;uso dei protocolli di comunicazione di Internet.<\/p>\n<p>In questa categoria di dati rientrano gli indirizzi IP o i nomi a dominio dei computer e dei terminali utilizzati dagli utenti, gli indirizzi in notazione URI\/URL (Uniform Resource Identifier\/Locator) delle risorse richieste, l&#8217;orario della richiesta, il metodo utilizzato nel sottoporre la richiesta al server, la dimensione del file ottenuto in risposta, il codice numerico indicante lo stato della risposta data dal server (buon fine, errore, ecc.) ed altri parametri relativi al sistema operativo e all&#8217;ambiente informatico dell&#8217;utente.<\/p>\n<p>Tali dati, necessari per la fruizione dei servizi web, vengono anche trattati allo scopo di:<\/p>\n<p>&#8211; ottenere informazioni statistiche sull&#8217;uso dei servizi (pagine pi\u00f9 visitate, numero di visitatori per fascia oraria o giornaliera, aree geografiche di provenienza, ecc.);<\/p>\n<p>&#8211; controllare il corretto funzionamento dei servizi offerti.<\/p>\n<p>I dati di navigazione non persistono per pi\u00f9 di sette giorni\u00a0(salve eventuali necessit\u00e0 di accertamento di reati da parte dell&#8217;Autorit\u00e0 giudiziaria).<\/p>\n<p><em>Dati comunicati dall&#8217;utente<\/em><\/p>\n<p>L&#8217;invio facoltativo, esplicito e volontario di messaggi agli indirizzi di contatto del Garante,\u00a0i messaggi privati inviati dagli utenti ai profili\/pagine istituzionali sui social media (laddove questa possibilit\u00e0 sia prevista), nonch\u00e9 la compilazione e l&#8217;inoltro dei moduli presenti sui siti dell&#8217;Autorit\u00e0, comportano l&#8217;acquisizione dei dati di contatto del mittente, necessari a rispondere, nonch\u00e9 di tutti i dati personali inclusi nelle comunicazioni.<\/p>\n<p>Specifiche informative verranno pubblicate nelle pagine dei siti del Garante predisposte per l&#8217;erogazione di determinati servizi.<\/p>\n<p><em>Cookie e altri sistemi di tracciamento<\/em><\/p>\n<p>Non viene fatto uso di cookie per la profilazione degli utenti. L\u2019unico trattamento effettuato riguarda la produzione di statistiche, con dati pseudonimizzati, sulla navigazione nei siti www.simoneguidarellihome.com<\/p>\n<p>La configurazione adottata, in modo da escludere trattamenti di dati identificativi, raccoglie le seguenti informazioni:<\/p>\n<ul>\n<li>L\u2019indirizzo IP, che viene mascherato azzerando gli ultimi 2 byte (xxx.xxx.0.0)<\/li>\n<li>Il sistema operativo utilizzato<\/li>\n<li>Il tipo di browser<\/li>\n<li>Il tipo di dispositivo (PC, smartphone, etc.)<\/li>\n<\/ul>\n<p>Viene fatto uso di cookie tecnici di sessione (non persistenti), in modo strettamente limitato a quanto necessario per la navigazione sicura ed efficiente dei siti.<\/p>\n<p><em>Informazioni circa il trattamento dei dati personali effettuate attraverso le\u00a0piattaforme di Social Media\u00a0utilizzate dal Garante<\/em><\/p>\n<p>Circa i trattamenti di dati personali effettuati dai gestori delle piattaforme di Social Media utilizzate dal Garante si rimanda alle informazioni da questi rese attraverso le rispettive privacy policy. Il Garante tratta i dati personali conferiti dall&#8217;utenza attraverso le pagine delle piattaforme di Social Media dedicate a questa Autorit\u00e0, nell\u2019ambito delle sue finalit\u00e0 istituzionali, esclusivamente per gestire le interazioni con l&#8217;utenza (commenti, post pubblici, etc.) e nel rispetto della normativa vigente.<\/p>\n<p><strong>DESTINATARI DEI DATI<\/strong><\/p>\n<p>Sono destinatari dei dati raccolti a seguito della consultazione di alcuni dei servizi sopra elencati i seguenti soggetti designati dal Garante, ai sensi dell&#8217;articolo 28 del Regolamento, quali responsabili del trattamento.<\/p>\n<p>ROCKY ROSE SRL VIA M.BUONARROTI,7 41016 NOVI DI MODENA (MO) Tel +39 059 645540 &#8211; Fax +39 059 6224919 P.Iva 02914400367<\/p>\n<p>I dati personali raccolti sono altres\u00ec trattati dal personale del Garante, che agisce sulla base di specifiche istruzioni fornite in ordine a finalit\u00e0 e modalit\u00e0 del trattamento medesimo.<\/p>\n<p><strong>DIRITTI DEGLI INTERESSATI<\/strong><\/p>\n<p>Gli interessati hanno il diritto di ottenere dal Garante, nei casi previsti, l&#8217;accesso ai propri dati personali e la rettifica o la cancellazione degli stessi o la limitazione del trattamento che li riguarda o di opporsi al trattamento (artt. 15 e ss. del Regolamento). L&#8217;istanza all&#8217;Autorit\u00e0 \u00e8 presentata contattando il Responsabile della protezione dei dati presso il Garante (ROCKY ROSE SRL VIA M.BUONARROTI,7 41016 NOVI DI MODENA (MO) Tel +39 059 645540 &#8211; Fax +39 059 6224919 P.Iva 02914400367 <a href=\"mailto:info@rockyrose.it\">info@rockyrose.it<\/a>).<\/p>\n<p><strong>DIRITTO DI RECLAMO<\/strong><\/p>\n<p>Gli interessati che ritengono che il trattamento dei dati personali a loro riferiti effettuato attraverso questo sito avvenga in violazione di quanto previsto dal Regolamento hanno il diritto di proporre reclamo al Garante, come previsto dall&#8217;art. 77 del Regolamento stesso, o di adire le opportune sedi giudiziarie (art. 79 del Regolamento).[\/vc_column_text][\/vc_column][\/vc_row]<\/p>\n","protected":false},"excerpt":{"rendered":"<p>[vc_row][vc_column][vc_column_text]INFORMAZIONI SUL TRATTAMENTO DEI DATI PERSONALI degli utenti che consultano i siti web www.simoneguidarellihome.com ai sensi dell&#8217;articolo 13 del Regolamento (UE) 2016\/679 PERCH\u00c9 QUESTE INFORMAZIONI Ai sensi\u00a0 del Regolamento (UE) 2016\/679 (di seguito &#8220;Regolamento&#8221;), questa pagina descrive le modalit\u00e0 di trattamento dei dati personali degli utenti che consultano il sito web www.simoneguidarellihome.com accessibili per via [&hellip;]<\/p>\n","protected":false},"author":1,"featured_media":0,"parent":0,"menu_order":0,"comment_status":"closed","ping_status":"closed","template":"","meta":[],"aioseo_notices":[],"_links":{"self":[{"href":"https:\/\/www.simoneguidarellihome.com\/en\/wp-json\/wp\/v2\/pages\/47003"}],"collection":[{"href":"https:\/\/www.simoneguidarellihome.com\/en\/wp-json\/wp\/v2\/pages"}],"about":[{"href":"https:\/\/www.simoneguidarellihome.com\/en\/wp-json\/wp\/v2\/types\/page"}],"author":[{"embeddable":true,"href":"https:\/\/www.simoneguidarellihome.com\/en\/wp-json\/wp\/v2\/users\/1"}],"replies":[{"embeddable":true,"href":"https:\/\/www.simoneguidarellihome.com\/en\/wp-json\/wp\/v2\/comments?post=47003"}],"version-history":[{"count":1,"href":"https:\/\/www.simoneguidarellihome.com\/en\/wp-json\/wp\/v2\/pages\/47003\/revisions"}],"predecessor-version":[{"id":47004,"href":"https:\/\/www.simoneguidarellihome.com\/en\/wp-json\/wp\/v2\/pages\/47003\/revisions\/47004"}],"wp:attachment":[{"href":"https:\/\/www.simoneguidarellihome.com\/en\/wp-json\/wp\/v2\/media?parent=47003"}],"curies":[{"name":"wp","href":"https:\/\/api.w.org\/{rel}","templated":true}]}}